{"id":183,"date":"2023-02-10T11:12:22","date_gmt":"2023-02-10T11:12:22","guid":{"rendered":"http:\/\/caljaumecontent.com\/?page_id=183"},"modified":"2023-02-12T20:51:41","modified_gmt":"2023-02-12T20:51:41","slug":"inici","status":"publish","type":"page","link":"http:\/\/caljaumecontent.com\/es\/","title":{"rendered":"Cal Jaume Content"},"content":{"rendered":"<p class=\"has-text-align-left has-black-color has-text-color\"><strong>Qui som?<\/strong><br>Cal Jaume Content \u00e9s el nom de la casa, tal com l\u2019han anomenat sempre els vilatans de La<br>Riera de Gai\u00e0. Si avui us podem obrir les portes de casa nostra \u00e9s gr\u00e0cies als esfor\u00e7os i la il\u00b7lusi\u00f3<br>que han emp\u00e8s un projecte familiar, amb l\u2019objectiu de poder oferir una estada \u00fanica. Relaxa\u2019t i<br>gaudeix amb amics o fam\u00edlia d\u2019uns dies de descans i desconnexi\u00f3 en un entorn \u00fanic.<br>Cal Jaume Content \u00e9s una casa de poble amb totes les comoditats, pensada per gaudir tant de<br>l\u2019interior com de les zones exteriors: el jard\u00ed i la barbacoa. A m\u00e9s, la casa es troba integrada en<br>el casc urb\u00e0, amb tots els serveis a l\u2019abast.<br>Si ens voleu con\u00e8ixer m\u00e9s de prop, podeu trobar un trosset de Cal Jaume Content al nostre<br>compte d\u2019Instagram, @caljaumecontent.<\/p>\n\n\n\n<p class=\"has-text-align-left has-black-color has-text-color\"><br><strong>L\u2019entorn<\/strong><br>La casa es troba envoltada de punts d\u2019inter\u00e8s tur\u00edstic, platges, rutes de senderisme,<br>enoturisme i parcs tem\u00e0tics. A menys de dos minuts a peu de la casa, trobareu aparcament<br>gratu\u00eft i de f\u00e0cil acc\u00e9s. <\/p>\n\n\n\n<p class=\"has-text-align-left has-black-color has-text-color\">A l\u2019entorn proper de Cal Jaume Content es poden trobar les platges de Torredembarra,<br>Altafulla, La M\u00f3ra o Tamarit. A m\u00e9s, la casa \u00e9s un enclavament perfecte per visitar la ciutat de<br>Tarragona, patrimoni de la Humanitat, o fins i tot el parc tem\u00e0tic Port Aventura. Per als m\u00e9s<br>esportistes, a l\u2019entorn immediat de la casa es poden iniciar rutes de senderisme a peu o en<br>bicicleta, de diferents nivells de dificultat. A m\u00e9s, des de Cal Jaume Content es poden visitar els<br>cellers de la DO Tarragona per descobrir la cultura vin\u00edcola de la zona.<\/p>\n\n\n\n<p class=\"has-text-align-left has-black-color has-text-color\"><br><strong>Casa nostra<\/strong><br>Cal Jaume Content \u00e9s una casa de tres plantes, amb connexi\u00f3 wi-fi des de tots els punts. A<br>m\u00e9s, la casa t\u00e9 calefacci\u00f3 i aire condicionat per fer l\u2019estada d\u2019all\u00f2 m\u00e9s agradable.<br>A la planta baixa, ens dona la benvinguda una sala d\u2019estar que marca l\u2019acc\u00e9s a un gran jard\u00ed<br>interior. El jard\u00ed \u00e9s el lloc perfecte per descansar, passar temps en fam\u00edlia o amics, gaudir d\u2019una<br>cal\u00e7otada o d\u2019una bona carn a la brasa.<br>La primera planta compta amb una sala d\u2019estar amb televisi\u00f3. En els dies de fred, la xardor de<br>la llar de foc ser\u00e0 la millor aliada. La cuina, totalment equipada, \u00e9s el complement perfecte per<br>la barbacoa, situada al jard\u00ed. La cuina est\u00e0 equipada amb tots els estris de parament, a m\u00e9s de<br>rentavaixelles, cafetera Dolce Gusto, nevera, forn i microones, entre d\u2019altres.<br>A la mateixa planta, el menjador, presidit per una gran taula, \u00e9s el lloc ideal per reunir-se i<br>compartir \u00e0pats i jocs de taula. A m\u00e9s, la planta compta amb un lavabo complet amb banyera, i<br>una habitaci\u00f3 per fer la bugada. A l\u2019exterior, trobem una terrassa amb vista panor\u00e0mica al<br>jard\u00ed. A la segona planta hi trobem quatre habitacions dobles: dues amb llit de matrimoni i dues amb<br>llits individuals. Totes les habitacions estan equipades amb roba de llit i tovalloles, a m\u00e9s de mantes per als dies m\u00e9s freds. Les habitacions estan connectades per la zona de nit, en qu\u00e8<br>trobem una sala de lectura i una terrassa amb vistes al jard\u00ed. Tamb\u00e9 hi ha un lavabo complet<br>amb dutxa.<\/p>\n\n\n\n<p class=\"has-black-color has-text-color\"><br><strong>Serveis<\/strong><br>\uf0b7 Connexi\u00f3 Wi-fi<br>\uf0b7 Calefacci\u00f3<br>\uf0b7 Aire condicionat<br>\uf0b7 Llar de foc<br>\uf0b7 Rentadora i estris per fer la bugada<br>\uf0b7 Tovalloles i roba de llit<br>\uf0b7 Cafetera Dolce Gusto<br>\uf0b7 Torradora<br>\uf0b7 Parament de cuina<\/p>\n\n\n\n<p>.<\/p>\n\n\n\n<p><\/p>","protected":false},"excerpt":{"rendered":"<p>Qui som?Cal Jaume Content \u00e9s el nom de la casa, tal com l\u2019han anomenat sempre els vilatans de LaRiera de Gai\u00e0. Si avui us podem obrir les portes de casa nostra \u00e9s gr\u00e0cies als esfor\u00e7os i la il\u00b7lusi\u00f3que han emp\u00e8s un projecte familiar, amb l\u2019objectiu de poder oferir una estada [&hellip;]<\/p>\n","protected":false},"author":1,"featured_media":0,"parent":0,"menu_order":0,"comment_status":"closed","ping_status":"closed","template":"","meta":{"footnotes":""},"class_list":["post-183","page","type-page","status-publish","hentry"],"_links":{"self":[{"href":"http:\/\/caljaumecontent.com\/es\/wp-json\/wp\/v2\/pages\/183","targetHints":{"allow":["GET"]}}],"collection":[{"href":"http:\/\/caljaumecontent.com\/es\/wp-json\/wp\/v2\/pages"}],"about":[{"href":"http:\/\/caljaumecontent.com\/es\/wp-json\/wp\/v2\/types\/page"}],"author":[{"embeddable":true,"href":"http:\/\/caljaumecontent.com\/es\/wp-json\/wp\/v2\/users\/1"}],"replies":[{"embeddable":true,"href":"http:\/\/caljaumecontent.com\/es\/wp-json\/wp\/v2\/comments?post=183"}],"version-history":[{"count":5,"href":"http:\/\/caljaumecontent.com\/es\/wp-json\/wp\/v2\/pages\/183\/revisions"}],"predecessor-version":[{"id":286,"href":"http:\/\/caljaumecontent.com\/es\/wp-json\/wp\/v2\/pages\/183\/revisions\/286"}],"wp:attachment":[{"href":"http:\/\/caljaumecontent.com\/es\/wp-json\/wp\/v2\/media?parent=183"}],"curies":[{"name":"wp","href":"https:\/\/api.w.org\/{rel}","templated":true}]}}