{"id":207,"date":"2023-02-10T11:39:14","date_gmt":"2023-02-10T11:39:14","guid":{"rendered":"http:\/\/caljaumecontent.com\/?page_id=207"},"modified":"2023-03-05T10:40:37","modified_gmt":"2023-03-05T10:40:37","slug":"fotografies","status":"publish","type":"page","link":"http:\/\/caljaumecontent.com\/es\/fotografies","title":{"rendered":"La Casa"},"content":{"rendered":"<p class=\"has-text-align-left\">Cal Jaume Content \u00e9s una casa de tres plantes, amb connexi\u00f3 wi-fi des de tots els punts. A m\u00e9s, la casa t\u00e9 calefacci\u00f3 i aire condicionat per fer l\u2019estada d\u2019all\u00f2 m\u00e9s agradable. A la planta baixa, ens dona la benvinguda una sala d\u2019estar que marca l\u2019acc\u00e9s a un gran jard\u00ed interior. El jard\u00ed \u00e9s el lloc perfecte per descansar, passar temps en fam\u00edlia o amics, gaudir d\u2019una cal\u00e7otada o d\u2019una bona carn a la brasa.<\/p>\n\n\n\n<p class=\"has-text-align-left\"><br>La primera planta compta amb una sala d\u2019estar amb televisi\u00f3. En els dies de fred, la xardor de la llar de foc ser\u00e0 la millor aliada. La cuina, totalment equipada, \u00e9s el complement perfecte per la barbacoa, situada al jard\u00ed. La cuina est\u00e0 equipada amb tots els estris de parament, a m\u00e9s de rentavaixelles, cafetera Dolce Gusto, nevera, forn i microones, entre d\u2019altres. A la mateixa planta, el menjador, presidit per una gran taula, \u00e9s el lloc ideal per reunir-se i compartir \u00e0pats i jocs de taula. A m\u00e9s, la planta compta amb un lavabo complet amb banyera, i una habitaci\u00f3 per fer la bugada. A l\u2019exterior, trobem una terrassa amb vista panor\u00e0mica al jard\u00ed. A la segona planta hi trobem quatre habitacions dobles: dues amb llit de matrimoni i dues amb llits individuals. Totes les habitacions estan equipades amb roba de llit i tovalloles, a m\u00e9s de mantes i n\u00f2rdics per als dies m\u00e9s freds. Les habitacions estan connectades per la zona de nit, en qu\u00e8 trobem una sala de lectura i una terrassa amb vistes al jard\u00ed. Tamb\u00e9 hi ha un lavabo complet amb dutxa.<\/p>\n\n\n\n<p class=\"has-text-align-left\"><br>Serveis<\/p>\n\n\n\n<ul class=\"wp-block-list\">\n<li> Connexi\u00f3 Wi-fi<\/li>\n\n\n\n<li> Calefacci\u00f3<\/li>\n\n\n\n<li> Aire condicionat<\/li>\n\n\n\n<li> Llar de foc<\/li>\n\n\n\n<li> Rentadora i estris per fer la bugada<\/li>\n\n\n\n<li> Tovalloles i roba de llit<\/li>\n\n\n\n<li> Cafetera Dolce Gusto<\/li>\n\n\n\n<li> Torradora<\/li>\n\n\n\n<li> Parament de cuina<\/li>\n\n\n\n<li>Barbacoa<\/li>\n\n\n\n<li> Aparcament gratu\u00eft p\u00fablic<\/li>\n<\/ul>","protected":false},"excerpt":{"rendered":"<p>Cal Jaume Content \u00e9s una casa de tres plantes, amb connexi\u00f3 wi-fi des de tots els punts. A m\u00e9s, la casa t\u00e9 calefacci\u00f3 i aire condicionat per fer l\u2019estada d\u2019all\u00f2 m\u00e9s agradable. A la planta baixa, ens dona la benvinguda una sala d\u2019estar que marca l\u2019acc\u00e9s a un gran jard\u00ed [&hellip;]<\/p>\n","protected":false},"author":1,"featured_media":0,"parent":0,"menu_order":0,"comment_status":"closed","ping_status":"closed","template":"","meta":{"footnotes":""},"class_list":["post-207","page","type-page","status-publish","hentry"],"_links":{"self":[{"href":"http:\/\/caljaumecontent.com\/es\/wp-json\/wp\/v2\/pages\/207","targetHints":{"allow":["GET"]}}],"collection":[{"href":"http:\/\/caljaumecontent.com\/es\/wp-json\/wp\/v2\/pages"}],"about":[{"href":"http:\/\/caljaumecontent.com\/es\/wp-json\/wp\/v2\/types\/page"}],"author":[{"embeddable":true,"href":"http:\/\/caljaumecontent.com\/es\/wp-json\/wp\/v2\/users\/1"}],"replies":[{"embeddable":true,"href":"http:\/\/caljaumecontent.com\/es\/wp-json\/wp\/v2\/comments?post=207"}],"version-history":[{"count":18,"href":"http:\/\/caljaumecontent.com\/es\/wp-json\/wp\/v2\/pages\/207\/revisions"}],"predecessor-version":[{"id":333,"href":"http:\/\/caljaumecontent.com\/es\/wp-json\/wp\/v2\/pages\/207\/revisions\/333"}],"wp:attachment":[{"href":"http:\/\/caljaumecontent.com\/es\/wp-json\/wp\/v2\/media?parent=207"}],"curies":[{"name":"wp","href":"https:\/\/api.w.org\/{rel}","templated":true}]}}