{"id":338,"date":"2023-03-05T10:45:04","date_gmt":"2023-03-05T10:45:04","guid":{"rendered":"http:\/\/caljaumecontent.com\/?page_id=338"},"modified":"2023-03-05T10:45:05","modified_gmt":"2023-03-05T10:45:05","slug":"entorn","status":"publish","type":"page","link":"http:\/\/caljaumecontent.com\/es\/entorn","title":{"rendered":"Entorn"},"content":{"rendered":"<p>La casa es troba envoltada de punts d\u2019inter\u00e8s tur\u00edstic, platges, rutes de senderisme, enoturisme i parcs tem\u00e0tics. A l\u2019entorn proper de Cal Jaume Content es poden trobar les platges de Torredembarra, Altafulla, La M\u00f3ra i Tamarit. A m\u00e9s, la casa \u00e9s un enclavament perfecte per visitar la ciutat de Tarragona, patrimoni de la Humanitat, o fins i tot el parc tem\u00e0tic Port Aventura. El modernisme de Reus, Per als m\u00e9s esportistes, a l\u2019entorn immediat de la casa es poden iniciar rutes de senderisme a peu o en bicicleta, de diferents nivells de dificultat. A m\u00e9s, des de Cal Jaume Content es poden visitar els cellers de la DO Tarragona per descobrir la cultura vin\u00edcola de la zona.<\/p>","protected":false},"excerpt":{"rendered":"<p>La casa es troba envoltada de punts d\u2019inter\u00e8s tur\u00edstic, platges, rutes de senderisme, enoturisme i parcs tem\u00e0tics. A l\u2019entorn proper de Cal Jaume Content es poden trobar les platges de Torredembarra, Altafulla, La M\u00f3ra i Tamarit. A m\u00e9s, la casa \u00e9s un enclavament perfecte per visitar la ciutat de Tarragona, [&hellip;]<\/p>\n","protected":false},"author":1,"featured_media":0,"parent":0,"menu_order":0,"comment_status":"closed","ping_status":"closed","template":"","meta":{"footnotes":""},"class_list":["post-338","page","type-page","status-publish","hentry"],"_links":{"self":[{"href":"http:\/\/caljaumecontent.com\/es\/wp-json\/wp\/v2\/pages\/338","targetHints":{"allow":["GET"]}}],"collection":[{"href":"http:\/\/caljaumecontent.com\/es\/wp-json\/wp\/v2\/pages"}],"about":[{"href":"http:\/\/caljaumecontent.com\/es\/wp-json\/wp\/v2\/types\/page"}],"author":[{"embeddable":true,"href":"http:\/\/caljaumecontent.com\/es\/wp-json\/wp\/v2\/users\/1"}],"replies":[{"embeddable":true,"href":"http:\/\/caljaumecontent.com\/es\/wp-json\/wp\/v2\/comments?post=338"}],"version-history":[{"count":1,"href":"http:\/\/caljaumecontent.com\/es\/wp-json\/wp\/v2\/pages\/338\/revisions"}],"predecessor-version":[{"id":339,"href":"http:\/\/caljaumecontent.com\/es\/wp-json\/wp\/v2\/pages\/338\/revisions\/339"}],"wp:attachment":[{"href":"http:\/\/caljaumecontent.com\/es\/wp-json\/wp\/v2\/media?parent=338"}],"curies":[{"name":"wp","href":"https:\/\/api.w.org\/{rel}","templated":true}]}}