{"id":366,"date":"2023-03-05T11:28:17","date_gmt":"2023-03-05T11:28:17","guid":{"rendered":"http:\/\/caljaumecontent.com\/?page_id=366"},"modified":"2023-03-05T11:33:46","modified_gmt":"2023-03-05T11:33:46","slug":"qui-som","status":"publish","type":"page","link":"http:\/\/caljaumecontent.com\/es\/qui-som","title":{"rendered":"Qui som?"},"content":{"rendered":"<div class=\"wp-block-image\">\n<figure class=\"aligncenter size-large is-resized\"><img fetchpriority=\"high\" decoding=\"async\" src=\"http:\/\/caljaumecontent.com\/wp-content\/uploads\/2023\/03\/Logo-Cal-Jaume-A3-detall_page-0001-1-1024x724.jpg\" alt=\"\" class=\"wp-image-372\" width=\"458\" height=\"323\" srcset=\"http:\/\/caljaumecontent.com\/wp-content\/uploads\/2023\/03\/Logo-Cal-Jaume-A3-detall_page-0001-1-1024x724.jpg 1024w, http:\/\/caljaumecontent.com\/wp-content\/uploads\/2023\/03\/Logo-Cal-Jaume-A3-detall_page-0001-1-300x212.jpg 300w, http:\/\/caljaumecontent.com\/wp-content\/uploads\/2023\/03\/Logo-Cal-Jaume-A3-detall_page-0001-1-768x543.jpg 768w, http:\/\/caljaumecontent.com\/wp-content\/uploads\/2023\/03\/Logo-Cal-Jaume-A3-detall_page-0001-1-1536x1085.jpg 1536w, http:\/\/caljaumecontent.com\/wp-content\/uploads\/2023\/03\/Logo-Cal-Jaume-A3-detall_page-0001-1-18x12.jpg 18w, http:\/\/caljaumecontent.com\/wp-content\/uploads\/2023\/03\/Logo-Cal-Jaume-A3-detall_page-0001-1.jpg 1755w\" sizes=\"(max-width: 458px) 100vw, 458px\" \/><\/figure>\n<\/div>\n\n\n<div class=\"wp-block-columns is-layout-flex wp-container-core-columns-is-layout-28f84493 wp-block-columns-is-layout-flex\">\n<div class=\"wp-block-column is-layout-flow wp-block-column-is-layout-flow\">\n<p>Cal Jaume Content \u00e9s el nom de la casa, tal com l\u2019han anomenat sempre els vilatans de La Riera de Gai\u00e0. Si avui us podem obrir les portes de casa nostra \u00e9s gr\u00e0cies als esfor\u00e7os i la il\u00b7lusi\u00f3 que han emp\u00e8s un projecte familiar, amb l\u2019objectiu de poder oferir una estada \u00fanica. Relaxa\u2019t i gaudeix amb amics o fam\u00edlia d\u2019uns dies de descans i desconnexi\u00f3 en un entorn \u00fanic. Cal Jaume Content \u00e9s una casa de poble amb totes les comoditats, pensada per gaudir tant de l\u2019interior com de les zones exteriors: el jard\u00ed i la barbacoa. A m\u00e9s, la casa es troba integrada en el casc urb\u00e0, amb tots els serveis a l\u2019abast. Si ens voleu con\u00e8ixer m\u00e9s de prop, podeu trobar un trosset de Cal Jaume Content al nostre compte d\u2019Instagram, @caljaumecontent<\/p>\n<\/div>\n<\/div>\n\n\n\n<ul class=\"wp-block-social-links is-layout-flex wp-block-social-links-is-layout-flex\"><li class=\"wp-social-link wp-social-link-instagram  wp-block-social-link\"><a href=\"https:\/\/instagram.com\/caljaumecontent?igshid=YmMyMTA2M2Y=\" class=\"wp-block-social-link-anchor\"><svg width=\"24\" height=\"24\" viewbox=\"0 0 24 24\" version=\"1.1\" xmlns=\"http:\/\/www.w3.org\/2000\/svg\" aria-hidden=\"true\" focusable=\"false\"><path d=\"M12,4.622c2.403,0,2.688,0.009,3.637,0.052c0.877,0.04,1.354,0.187,1.671,0.31c0.42,0.163,0.72,0.358,1.035,0.673 c0.315,0.315,0.51,0.615,0.673,1.035c0.123,0.317,0.27,0.794,0.31,1.671c0.043,0.949,0.052,1.234,0.052,3.637 s-0.009,2.688-0.052,3.637c-0.04,0.877-0.187,1.354-0.31,1.671c-0.163,0.42-0.358,0.72-0.673,1.035 c-0.315,0.315-0.615,0.51-1.035,0.673c-0.317,0.123-0.794,0.27-1.671,0.31c-0.949,0.043-1.233,0.052-3.637,0.052 s-2.688-0.009-3.637-0.052c-0.877-0.04-1.354-0.187-1.671-0.31c-0.42-0.163-0.72-0.358-1.035-0.673 c-0.315-0.315-0.51-0.615-0.673-1.035c-0.123-0.317-0.27-0.794-0.31-1.671C4.631,14.688,4.622,14.403,4.622,12 s0.009-2.688,0.052-3.637c0.04-0.877,0.187-1.354,0.31-1.671c0.163-0.42,0.358-0.72,0.673-1.035 c0.315-0.315,0.615-0.51,1.035-0.673c0.317-0.123,0.794-0.27,1.671-0.31C9.312,4.631,9.597,4.622,12,4.622 M12,3 C9.556,3,9.249,3.01,8.289,3.054C7.331,3.098,6.677,3.25,6.105,3.472C5.513,3.702,5.011,4.01,4.511,4.511 c-0.5,0.5-0.808,1.002-1.038,1.594C3.25,6.677,3.098,7.331,3.054,8.289C3.01,9.249,3,9.556,3,12c0,2.444,0.01,2.751,0.054,3.711 c0.044,0.958,0.196,1.612,0.418,2.185c0.23,0.592,0.538,1.094,1.038,1.594c0.5,0.5,1.002,0.808,1.594,1.038 c0.572,0.222,1.227,0.375,2.185,0.418C9.249,20.99,9.556,21,12,21s2.751-0.01,3.711-0.054c0.958-0.044,1.612-0.196,2.185-0.418 c0.592-0.23,1.094-0.538,1.594-1.038c0.5-0.5,0.808-1.002,1.038-1.594c0.222-0.572,0.375-1.227,0.418-2.185 C20.99,14.751,21,14.444,21,12s-0.01-2.751-0.054-3.711c-0.044-0.958-0.196-1.612-0.418-2.185c-0.23-0.592-0.538-1.094-1.038-1.594 c-0.5-0.5-1.002-0.808-1.594-1.038c-0.572-0.222-1.227-0.375-2.185-0.418C14.751,3.01,14.444,3,12,3L12,3z M12,7.378 c-2.552,0-4.622,2.069-4.622,4.622S9.448,16.622,12,16.622s4.622-2.069,4.622-4.622S14.552,7.378,12,7.378z M12,15 c-1.657,0-3-1.343-3-3s1.343-3,3-3s3,1.343,3,3S13.657,15,12,15z M16.804,6.116c-0.596,0-1.08,0.484-1.08,1.08 s0.484,1.08,1.08,1.08c0.596,0,1.08-0.484,1.08-1.08S17.401,6.116,16.804,6.116z\"><\/path><\/svg><span class=\"wp-block-social-link-label screen-reader-text\">Instagram<\/span><\/a><\/li><\/ul>","protected":false},"excerpt":{"rendered":"<p>Cal Jaume Content \u00e9s el nom de la casa, tal com l\u2019han anomenat sempre els vilatans de La Riera de Gai\u00e0. Si avui us podem obrir les portes de casa nostra \u00e9s gr\u00e0cies als esfor\u00e7os i la il\u00b7lusi\u00f3 que han emp\u00e8s un projecte familiar, amb l\u2019objectiu de poder oferir una [&hellip;]<\/p>\n","protected":false},"author":1,"featured_media":0,"parent":0,"menu_order":0,"comment_status":"closed","ping_status":"closed","template":"","meta":{"footnotes":""},"class_list":["post-366","page","type-page","status-publish","hentry"],"_links":{"self":[{"href":"http:\/\/caljaumecontent.com\/es\/wp-json\/wp\/v2\/pages\/366","targetHints":{"allow":["GET"]}}],"collection":[{"href":"http:\/\/caljaumecontent.com\/es\/wp-json\/wp\/v2\/pages"}],"about":[{"href":"http:\/\/caljaumecontent.com\/es\/wp-json\/wp\/v2\/types\/page"}],"author":[{"embeddable":true,"href":"http:\/\/caljaumecontent.com\/es\/wp-json\/wp\/v2\/users\/1"}],"replies":[{"embeddable":true,"href":"http:\/\/caljaumecontent.com\/es\/wp-json\/wp\/v2\/comments?post=366"}],"version-history":[{"count":3,"href":"http:\/\/caljaumecontent.com\/es\/wp-json\/wp\/v2\/pages\/366\/revisions"}],"predecessor-version":[{"id":375,"href":"http:\/\/caljaumecontent.com\/es\/wp-json\/wp\/v2\/pages\/366\/revisions\/375"}],"wp:attachment":[{"href":"http:\/\/caljaumecontent.com\/es\/wp-json\/wp\/v2\/media?parent=366"}],"curies":[{"name":"wp","href":"https:\/\/api.w.org\/{rel}","templated":true}]}}